{"id":86,"date":"2019-03-21T16:40:57","date_gmt":"2019-03-21T15:40:57","guid":{"rendered":"http:\/\/www.testversion.ferienwohnung-upstallsboom.de\/?page_id=86"},"modified":"2019-07-09T20:41:50","modified_gmt":"2019-07-09T18:41:50","slug":"datenschutz","status":"publish","type":"page","link":"http:\/\/www.ferienwohnung-upstallsboom.de\/?page_id=86","title":{"rendered":"Datenschutz"},"content":{"rendered":"<p>[et_pb_section fb_built=&#8220;1&#8243; _builder_version=&#8220;3.9&#8243; background_image=&#8220;http:\/\/www.testversion.ferienwohnung-upstallsboom.de\/wp-content\/uploads\/2019\/03\/Header-Im-Halg-Klausi.jpg&#8220; border_width_top=&#8220;15px&#8220; border_color_top=&#8220;#3e6b56&#8243; border_width_bottom=&#8220;15px&#8220; border_color_bottom=&#8220;#3e6b56&#8243; box_shadow_style=&#8220;preset1&#8243; custom_padding=&#8220;15px||28px|&#8220; top_divider_style=&#8220;wave2&#8243; top_divider_color=&#8220;#3e6b56&#8243; top_divider_height=&#8220;45px&#8220; top_divider_flip=&#8220;horizontal&#8220; saved_tabs=&#8220;all&#8220;][et_pb_row _builder_version=&#8220;3.9&#8243;][et_pb_column type=&#8220;3_4&#8243; _builder_version=&#8220;3.9&#8243; parallax=&#8220;off&#8220; parallax_method=&#8220;on&#8220;][et_pb_text _builder_version=&#8220;3.9&#8243; text_font=&#8220;|700|||||||&#8220; text_text_color=&#8220;#ffffff&#8220; text_font_size=&#8220;54px&#8220; text_line_height=&#8220;1.2em&#8220; quote_font=&#8220;||||||||&#8220; header_font=&#8220;||||||||&#8220; background_layout=&#8220;dark&#8220; custom_margin=&#8220;22px||0px|&#8220; custom_padding=&#8220;|||40px&#8220;]<\/p>\n<p style=\"text-align: center;\"><strong>Ferienwohnung Upstallsboom<\/strong><\/p>\n<p>[\/et_pb_text][\/et_pb_column][et_pb_column type=&#8220;1_4&#8243; _builder_version=&#8220;3.9&#8243; parallax=&#8220;off&#8220; parallax_method=&#8220;on&#8220;][et_pb_image src=&#8220;http:\/\/www.testversion.ferienwohnung-upstallsboom.de\/wp-content\/uploads\/2019\/03\/3Koepfelogo.png&#8220; _builder_version=&#8220;3.9&#8243;][\/et_pb_image][\/et_pb_column][\/et_pb_row][\/et_pb_section][et_pb_section fb_built=&#8220;1&#8243; _builder_version=&#8220;3.9&#8243; custom_padding=&#8220;99px|0px|0|0px|false|false&#8220;][et_pb_row custom_padding=&#8220;0|0px|0|0px|false|false&#8220; _builder_version=&#8220;3.9&#8243;][et_pb_column type=&#8220;4_4&#8243; _builder_version=&#8220;3.9&#8243; parallax=&#8220;off&#8220; parallax_method=&#8220;on&#8220;][et_pb_text _builder_version=&#8220;3.9&#8243; header_font=&#8220;|||on|||||&#8220; header_letter_spacing=&#8220;7px&#8220;]<\/p>\n<h1 style=\"text-align: center;\"><strong>DATENSCHUTZERKL\u00c4RUNG<br \/> <\/strong><\/h1>\n<p>[\/et_pb_text][et_pb_text _builder_version=&#8220;3.9&#8243; text_font=&#8220;||on||||||&#8220; text_font_size=&#8220;20px&#8220; text_orientation=&#8220;center&#8220;][\/et_pb_text][\/et_pb_column][\/et_pb_row][\/et_pb_section][et_pb_section fb_built=&#8220;1&#8243; _builder_version=&#8220;3.9&#8243; custom_padding=&#8220;30px|0px|0|0px|false|false&#8220;][et_pb_row custom_padding=&#8220;0|0px|0|0px|false|false&#8220; _builder_version=&#8220;3.9&#8243;][et_pb_column type=&#8220;4_4&#8243; _builder_version=&#8220;3.9&#8243; parallax=&#8220;off&#8220; parallax_method=&#8220;on&#8220;][et_pb_text _builder_version=&#8220;3.9&#8243; header_font=&#8220;|||on|||||&#8220; header_letter_spacing=&#8220;7px&#8220;][\/et_pb_text][\/et_pb_column][\/et_pb_row][\/et_pb_section][et_pb_section fb_built=&#8220;1&#8243; specialty=&#8220;on&#8220; _builder_version=&#8220;3.9&#8243;][et_pb_column type=&#8220;2_3&#8243; specialty_columns=&#8220;2&#8243; _builder_version=&#8220;3.0.47&#8243; parallax=&#8220;off&#8220; parallax_method=&#8220;on&#8220;][et_pb_row_inner _builder_version=&#8220;3.9&#8243;][et_pb_column_inner type=&#8220;4_4&#8243; saved_specialty_column_type=&#8220;2_3&#8243; _builder_version=&#8220;3.0.47&#8243; parallax=&#8220;off&#8220; parallax_method=&#8220;on&#8220;][et_pb_text _builder_version=&#8220;3.9&#8243;]<\/p>\n<p style=\"text-align: justify;\">Hiermit distanziere ich mich ausdr\u00fccklich von allen Inhalten aller gelinkten Seiten und \u00fcbernehme keine Haftung f\u00fcr deren Inhalte.<\/p>\n<p style=\"text-align: justify;\"><b><span style=\"font-weight: bold;\">Haftungsbeschr\u00e4nkung f\u00fcr eigene Inhalte<\/span><\/b><\/p>\n<p style=\"text-align: justify;\">Alle Inhalte meines\u00a0Internetauftritts wurden mit Sorgfalt und nach bestem Gewissen erstellt. Eine Gew\u00e4hr f\u00fcr die Aktualit\u00e4t, Vollst\u00e4ndigkeit und Richtigkeit s\u00e4mtlicher Seiten kann jedoch nicht \u00fcbernommen werden. Gem\u00e4\u00df \u00a7 7 Abs. 1 TMG sind wir als Dienstanbieter f\u00fcr eigene Inhalte auf diesen Seiten nach den allgemeinen Gesetzen verantwortlich, nach den \u00a7\u00a7 8 bis 10 TMG jedoch nicht verpflichtet, die \u00fcbermittelten oder gespeicherten fremden Informationen zu \u00fcberwachen. Eine umgehende Entfernung dieser Inhalte erfolgt ab dem Zeitpunkt der Kenntnis einer konkreten Rechtsverletzung und ich\u00a0hafte nicht vor dem Zeitpunkt der Kenntniserlangung.<\/p>\n<p style=\"text-align: justify;\"><b><span style=\"font-weight: bold;\">Haftungsbeschr\u00e4nkung f\u00fcr externe Links<\/span><\/b><\/p>\n<p style=\"text-align: justify;\">Meine Webseite enth\u00e4lt sog. \u201eexterne Links\u201c (Verkn\u00fcpfungen zu Webseiten Dritter), auf deren Inhalt wir keinen Einfluss haben und f\u00fcr den ich aus diesem Grund keine Gew\u00e4hr \u00fcbernehme. F\u00fcr die Inhalte und Richtigkeit der Informationen ist der jeweilige Informationsanbieter der verlinkten Webseite verantwortlich. Als die Verlinkung vorgenommen wurde, waren f\u00fcr mich keine Rechtsverst\u00f6\u00dfe erkennbar. Sollte mir eine Rechtsverletzung bekannt werden, wird der jeweilige Link umgehend von mir entfernt.<\/p>\n<p style=\"text-align: justify;\"><b><span style=\"font-weight: bold;\">Urheberrecht<\/span><\/b><\/p>\n<p style=\"text-align: justify;\">Die auf dieser Webseite ver\u00f6ffentlichten Inhalte und Werke unterliegen dem deutschen Urheberrecht. Jede Art der Vervielf\u00e4ltigung, Bearbeitung, Verbreitung und jede Art der Verwertung au\u00dferhalb der Grenzen des Urheberrechts bedarf der vorherigen schriftlichen Zustimmung des jeweiligen Urhebers bzw. Autors.<\/p>\n<p style=\"text-align: justify;\"><b><span style=\"font-weight: bold;\">Datenschutz<\/span><\/b><\/p>\n<p style=\"text-align: justify;\">Durch den Besuch meines Internetauftritts k\u00f6nnen Informationen \u00fcber den Zugriff (Datum, Uhrzeit, aufgerufene Seite) auf dem Server gespeichert werden. Dies stellt keine Auswertung personenbezogener Daten (z. B. Name, Anschrift oder E-Mail Adresse) dar. Sofern personenbezogene Daten erhoben werden, erfolgt dies \u2013 sofern m\u00f6glich \u2013 nur mit dem vorherigen Einverst\u00e4ndnis des Nutzers der Webseite. Eine Weiterleitung der Daten an Dritte findet ohne ausdr\u00fcckliche Zustimmung des Nutzers nicht statt. Ich weise ausdr\u00fccklich darauf hin, dass die \u00dcbertragung von Daten im Internet (z. B. per E-Mail) Sicherheitsl\u00fccken aufweisen kann. Ein l\u00fcckenloser Schutz der Daten vor dem Zugriff Dritter kann nicht gew\u00e4hrleistet werden. Ich kann keine Haftung f\u00fcr die durch solche Sicherheitsl\u00fccken entstehenden Sch\u00e4den \u00fcbernehmen. Der Verwendung ver\u00f6ffentlichter Kontaktdaten durch Dritte zum Zwecke von Werbung wird ausdr\u00fccklich widersprochen. Rechtliche Schritte f\u00fcr den Fall der unverlangten Zusendung von Werbeinformationen, z.B. durch Spam-Mails, behalte ich mir vor.<\/p>\n<p style=\"text-align: justify; margin-bottom: 0px;\"><span style=\"font-size: 12px;\">Quelle: Disclaimer-Muster- www.mustervorlage.net<\/span><\/p>\n<p style=\"text-align: justify;\">\n<p>[\/et_pb_text][\/et_pb_column_inner][\/et_pb_row_inner][\/et_pb_column][et_pb_column type=&#8220;1_3&#8243; _builder_version=&#8220;3.0.47&#8243; parallax=&#8220;off&#8220; parallax_method=&#8220;on&#8220;][et_pb_image src=&#8220;http:\/\/www.testversion.ferienwohnung-upstallsboom.de\/wp-content\/uploads\/2019\/07\/14440-2007-09-01-Aurich.jpg&#8220; show_in_lightbox=&#8220;on&#8220; _builder_version=&#8220;3.9&#8243; border_radii=&#8220;on|10px|10px|10px|10px&#8220; border_width_top=&#8220;10px&#8220; border_color_top=&#8220;#3e6b56&#8243; border_width_bottom=&#8220;10px&#8220; border_color_bottom=&#8220;#3e6b56&#8243; custom_margin=&#8220;0px|||&#8220;][\/et_pb_image][et_pb_image src=&#8220;http:\/\/www.testversion.ferienwohnung-upstallsboom.de\/wp-content\/uploads\/2019\/07\/252980-2019-05-18-Hu\u0308hner-Ga\u0308nse-Aurich-DSC_5551.jpg&#8220; show_in_lightbox=&#8220;on&#8220; _builder_version=&#8220;3.9&#8243; border_radii=&#8220;on|10px|10px|10px|10px&#8220; border_width_top=&#8220;10px&#8220; border_color_top=&#8220;#3e6b56&#8243; border_width_bottom=&#8220;10px&#8220; border_color_bottom=&#8220;#3e6b56&#8243; custom_margin=&#8220;0px|||&#8220;][\/et_pb_image][et_pb_image src=&#8220;http:\/\/www.testversion.ferienwohnung-upstallsboom.de\/wp-content\/uploads\/2019\/07\/30197-Aurich-Ferienwohnung-2008-08-04.jpg&#8220; show_in_lightbox=&#8220;on&#8220; _builder_version=&#8220;3.9&#8243; border_radii=&#8220;on|10px|10px|10px|10px&#8220; border_width_top=&#8220;10px&#8220; border_color_top=&#8220;#3e6b56&#8243; border_width_bottom=&#8220;10px&#8220; border_color_bottom=&#8220;#3e6b56&#8243; custom_margin=&#8220;0px|||&#8220;][\/et_pb_image][et_pb_text _builder_version=&#8220;3.9&#8243; text_font=&#8220;||||||||&#8220; text_font_size=&#8220;10px&#8220;]<\/p>\n<p style=\"text-align: center;\">Fotos \u00a9 Katharina Hansen-Gluschitz<\/p>\n<p>[\/et_pb_text][\/et_pb_column][\/et_pb_section][et_pb_section fb_built=&#8220;1&#8243; _builder_version=&#8220;3.9&#8243; background_image=&#8220;http:\/\/www.testversion.ferienwohnung-upstallsboom.de\/wp-content\/uploads\/2019\/03\/Header-Im-Halg-Klausi.jpg&#8220; border_width_top=&#8220;15px&#8220; border_color_top=&#8220;#3e6b56&#8243; border_width_bottom=&#8220;15px&#8220; border_color_bottom=&#8220;#3e6b56&#8243; box_shadow_style=&#8220;preset1&#8243; box_shadow_color=&#8220;rgba(0,0,0,0.43)&#8220; custom_padding=&#8220;0|0px|136px|0px|false|false&#8220; global_module=&#8220;499&#8243; saved_tabs=&#8220;all&#8220;][\/et_pb_section][et_pb_section fb_built=&#8220;1&#8243; _builder_version=&#8220;3.9&#8243; background_color=&#8220;#3e6b56&#8243; custom_padding=&#8220;0|0px|0|0px|false|false&#8220; global_module=&#8220;482&#8243; saved_tabs=&#8220;all&#8220;][et_pb_row custom_padding=&#8220;17px|0px|15px|0px|false|false&#8220; _builder_version=&#8220;3.9&#8243;][et_pb_column type=&#8220;4_4&#8243; _builder_version=&#8220;3.9&#8243; parallax=&#8220;off&#8220; parallax_method=&#8220;on&#8220;][et_pb_text _builder_version=&#8220;3.9&#8243; text_font=&#8220;||||||||&#8220; text_text_color=&#8220;#ffffff&#8220; custom_margin=&#8220;-15px||-7px|&#8220; custom_padding=&#8220;||0px|&#8220;]<\/p>\n<p><strong>zuletzt aktualisiert am<\/strong>:\u00a0 10. Juli 2019<\/p>\n<p>[\/et_pb_text][\/et_pb_column][\/et_pb_row][\/et_pb_section]<\/p>\n","protected":false},"excerpt":{"rendered":"<p>[et_pb_section fb_built=&#8220;1&#8243; _builder_version=&#8220;3.9&#8243; background_image=&#8220;http:\/\/www.testversion.ferienwohnung-upstallsboom.de\/wp-content\/uploads\/2019\/03\/Header-Im-Halg-Klausi.jpg&#8220; border_width_top=&#8220;15px&#8220; border_color_top=&#8220;#3e6b56&#8243; border_width_bottom=&#8220;15px&#8220; border_color_bottom=&#8220;#3e6b56&#8243; box_shadow_style=&#8220;preset1&#8243; custom_padding=&#8220;15px||28px|&#8220; top_divider_style=&#8220;wave2&#8243; top_divider_color=&#8220;#3e6b56&#8243; top_divider_height=&#8220;45px&#8220; top_divider_flip=&#8220;horizontal&#8220; saved_tabs=&#8220;all&#8220;][et_pb_row _builder_version=&#8220;3.9&#8243;][et_pb_column type=&#8220;3_4&#8243; _builder_version=&#8220;3.9&#8243; parallax=&#8220;off&#8220; parallax_method=&#8220;on&#8220;][et_pb_text _builder_version=&#8220;3.9&#8243; text_font=&#8220;|700|||||||&#8220; text_text_color=&#8220;#ffffff&#8220; text_font_size=&#8220;54px&#8220; text_line_height=&#8220;1.2em&#8220; quote_font=&#8220;||||||||&#8220; header_font=&#8220;||||||||&#8220; background_layout=&#8220;dark&#8220; custom_margin=&#8220;22px||0px|&#8220; custom_padding=&#8220;|||40px&#8220;] Ferienwohnung Upstallsboom [\/et_pb_text][\/et_pb_column][et_pb_column type=&#8220;1_4&#8243; _builder_version=&#8220;3.9&#8243; parallax=&#8220;off&#8220; parallax_method=&#8220;on&#8220;][et_pb_image src=&#8220;http:\/\/www.testversion.ferienwohnung-upstallsboom.de\/wp-content\/uploads\/2019\/03\/3Koepfelogo.png&#8220; _builder_version=&#8220;3.9&#8243;][\/et_pb_image][\/et_pb_column][\/et_pb_row][\/et_pb_section][et_pb_section fb_built=&#8220;1&#8243; _builder_version=&#8220;3.9&#8243; custom_padding=&#8220;99px|0px|0|0px|false|false&#8220;][et_pb_row custom_padding=&#8220;0|0px|0|0px|false|false&#8220; _builder_version=&#8220;3.9&#8243;][et_pb_column type=&#8220;4_4&#8243; _builder_version=&#8220;3.9&#8243; parallax=&#8220;off&#8220; parallax_method=&#8220;on&#8220;][et_pb_text _builder_version=&#8220;3.9&#8243; header_font=&#8220;|||on|||||&#8220; header_letter_spacing=&#8220;7px&#8220;] DATENSCHUTZERKL\u00c4RUNG [\/et_pb_text][et_pb_text _builder_version=&#8220;3.9&#8243; text_font=&#8220;||on||||||&#8220; [&hellip;]<\/p>\n","protected":false},"author":1,"featured_media":0,"parent":0,"menu_order":0,"comment_status":"closed","ping_status":"closed","template":"","meta":[],"_links":{"self":[{"href":"http:\/\/www.ferienwohnung-upstallsboom.de\/index.php?rest_route=\/wp\/v2\/pages\/86"}],"collection":[{"href":"http:\/\/www.ferienwohnung-upstallsboom.de\/index.php?rest_route=\/wp\/v2\/pages"}],"about":[{"href":"http:\/\/www.ferienwohnung-upstallsboom.de\/index.php?rest_route=\/wp\/v2\/types\/page"}],"author":[{"embeddable":true,"href":"http:\/\/www.ferienwohnung-upstallsboom.de\/index.php?rest_route=\/wp\/v2\/users\/1"}],"replies":[{"embeddable":true,"href":"http:\/\/www.ferienwohnung-upstallsboom.de\/index.php?rest_route=%2Fwp%2Fv2%2Fcomments&post=86"}],"version-history":[{"count":6,"href":"http:\/\/www.ferienwohnung-upstallsboom.de\/index.php?rest_route=\/wp\/v2\/pages\/86\/revisions"}],"predecessor-version":[{"id":1192,"href":"http:\/\/www.ferienwohnung-upstallsboom.de\/index.php?rest_route=\/wp\/v2\/pages\/86\/revisions\/1192"}],"wp:attachment":[{"href":"http:\/\/www.ferienwohnung-upstallsboom.de\/index.php?rest_route=%2Fwp%2Fv2%2Fmedia&parent=86"}],"curies":[{"name":"wp","href":"https:\/\/api.w.org\/{rel}","templated":true}]}}